{"id":51,"date":"2014-05-25T12:23:20","date_gmt":"2014-05-25T10:23:20","guid":{"rendered":"http:\/\/www.broecker-meckenheim.de\/die-kuenstlerin\/"},"modified":"2025-10-29T15:19:38","modified_gmt":"2025-10-29T14:19:38","slug":"die-kuenstlerin","status":"publish","type":"page","link":"https:\/\/www.broecker-meckenheim.de\/?page_id=51","title":{"rendered":"\u00dcber mich"},"content":{"rendered":"\n<figure class=\"wp-block-image size-large\"><img loading=\"lazy\" decoding=\"async\" width=\"1024\" height=\"895\" src=\"https:\/\/www.broecker-meckenheim.de\/wp-content\/uploads\/2025\/07\/IMG_2663-1-1024x895.jpg\" alt=\"\" class=\"wp-image-1856\" srcset=\"https:\/\/www.broecker-meckenheim.de\/wp-content\/uploads\/2025\/07\/IMG_2663-1-1024x895.jpg 1024w, https:\/\/www.broecker-meckenheim.de\/wp-content\/uploads\/2025\/07\/IMG_2663-1-300x262.jpg 300w, https:\/\/www.broecker-meckenheim.de\/wp-content\/uploads\/2025\/07\/IMG_2663-1-768x672.jpg 768w, https:\/\/www.broecker-meckenheim.de\/wp-content\/uploads\/2025\/07\/IMG_2663-1-1536x1343.jpg 1536w, https:\/\/www.broecker-meckenheim.de\/wp-content\/uploads\/2025\/07\/IMG_2663-1-2048x1791.jpg 2048w, https:\/\/www.broecker-meckenheim.de\/wp-content\/uploads\/2025\/07\/IMG_2663-1-1568x1371.jpg 1568w\" sizes=\"auto, (max-width: 1024px) 100vw, 1024px\" \/><\/figure>\n\n\n\n<p style=\"font-size:7px\"><em><span style=\"color: #993333; font-size: large;\">Annette Br\u00f6cker<\/span><\/em><\/p>\n\n\n\n<p>In Ochtrup im M\u00fcnsterland wurde ich 1948 geboren. Schon in fr\u00fcher Jugend zeigte sich meine Kreativit\u00e4t in k\u00fcnstlerischen Arbeiten. Besondere Aufmerksamkeit galt meinem Onkel, der als freischaffender K\u00fcnstler in meinem Elternhaus lebte und wirkte.<\/p>\n\n\n\n<p>Im Jahre 1982 zog ich mit meiner Familie &#8211; ich bin verheiratet, habe drei erwachsene Kinder sowie acht Enkelkinder &#8211; von M\u00fcnster nach Meckenheim bei Bonn.<\/p>\n\n\n\n<p>Seit der Zeit besch\u00e4ftige ich mich intensiv mit der Malerei. Beginnend mit der Seidenmalerei bei Frau Ernst nahm ich an zwei Gemeinschaftsausstellungen teil. Anschlie\u00dfend erlernte ich die Kreidetechnik. Es folgte die Buchbindekunst, mit deren Hilfe ich die Seidenmalerei zur Gestaltung von Buchdeckeln anwenden konnte. Zwischendurch habe ich mir die Kunst der Kalligraphie angeeignet. Mehrere Jahre \u00fcbte ich mich in der Aquarelltechnik bei Lieselotte Vogel-Steinbach, mit der ich einige Malreisen unternahm. Auf Empfehlung von Frau Ernst bekam ich 1999 von Margret Wlotzke das Angebot, an ihrer Ateliergemeinschaft im  Kloster Schweinheim (Euskirchen) teilzunehmen und die Malerei in der Acryltechnik zu erlernen. Seit dieser Zeit bis im Jahre 2015 war ich Mitglied der Ateliergemeinschaft im Kloster Schweinheim.<\/p>\n\n\n\n<p>Meine erste eigene Ausstellung folgte im Jahre 2002 in den R\u00e4umlichkeiten des Schloss Restaurant und Clubhaus &#8222;Graf Belderbusch&#8220; in Swisttal-Miel. Nach einem halben Jahr ging die Ausstellung Ende Juni mit gro\u00dfem Erfolg zu Ende.&nbsp;<\/p>\n\n\n\n<p>Ende August 2003 nahm ich erstmals an einem Seminar der Europ\u00e4ischen Kunstakademie in Trier teil. Leiter des Seminars war der renommierte und international anerkannte K\u00fcnstler Joe Allen.<\/p>\n\n\n\n<p>Vom 17. bis 19. Oktober 2003 folgte eine erste sehr erfolgreiche Gemeinschaftsausstellung im Herrenhaus der Burg Altendorf.<\/p>\n\n\n\n<p>Im Sommer 2004, 2005, 2006 und 2007 absolvierte ich weitere Seminare an der Europ\u00e4ischen Kunstakademie in Trier ebenfalls unter der Leitung von Joe Allen sowie einen Kurs an der Akademie Altenahr.<\/p>\n\n\n\n<p>Vom 13. bis 15. Oktober 2006 stellte ich meine neuesten Bilder im Haus der Fam. Dr. Ruge in Bonn aus.&nbsp;Im Oktober 2008 folgte die zweite Gemenschaftsausstellung im Herrenhaus der Burg Altendorf.<\/p>\n\n\n\n<p>Im Sommer 2009 belegte ich ein Seminar \u00fcber Collagen bei Wolfgang Sykownik an der Europ\u00e4ischen Kunstakademie in Trier sowie 2011 ein Seminar in der Akademie Altenahr bei Kirsten Graf.<\/p>\n\n\n\n<p>Es folgten 2010 eine Gemeinschaftsausstellung der Ateliergemeinschaft und 2010 &#8211; 2011 weitere Ausstellungen in einer Arztpraxis.<\/p>\n\n\n\n<p>Vom 18. bis 20 Oktober 2013 stellte ich unter dem Thema &#8222;Farbenfestival&#8220; im Herrenhaus der Burg Altendorf aus.<\/p>\n\n\n\n<p>Von 2014 bis 2020 war ich Mitglied des <a href=\"http:\/\/www.kunstforum-99.de\"><em><span style=\"text-decoration: underline;\"><span style=\"color: #993300; text-decoration: underline;\">KUNSTFORUM`99 in Rheinbach<\/span><\/span><\/em><\/a>. Bei der von diesem Forum initierten Kunstmeile Rheinbach stellte ich im Tee- und Feinkostkontor Rheinbach aus und beteiligte mich an der Gemeinschaftsausstellung in der Stadthalle Rheinbach.<\/p>\n\n\n\n<p>Seit 2017 bin ich Mitglied in der K\u00fcnstlerprojektgruppe Meckenheim. In dem Zusammenhang war ich 2017 an einer Ausstellung Meckenheimer K\u00fcnstler zur Er\u00f6ffnung des neuen Rathauses der Stadt Meckenheim beteiligt.<\/p>\n\n\n\n<p>2018, 2019, 2021, 2022, 2023, 2024 und 2025 folgten weitere Gemeinschaftsausstellungen im Rathaus der Stadt Meckenheim.<\/p>\n\n\n\n<p>Im August 2018 stellte ich zusammen mit der Bildhauerin Martha Barduhn auf dem Hof von Dieter Linden in Meckenheim unter dem Thema &#8222;Kunst im Lindenhof&#8220; aus.<\/p>\n\n\n\n<p>Von M\u00e4rz bis Mai 2022 hatte ich die Gelegenheit, meine neuesten Bilder im Caf\u00e9 des Stadtmuseums Meckenheim im Herrenhaus der Burg Altendorf auszustellen. Vom 7. Juli bis zum 8. September 2025 h\u00e4ngen eine Auswahl meiner Bilder im Caf\u00e8 sofa an der Hauptstra\u00dfe in Meckenheim.<\/p>\n\n\n\n<p><\/p>\n\n\n\n<p class=\"has-large-font-size\"><strong><em>Ausstellungen:<\/em><\/strong><\/p>\n\n\n\n<p>2002: Schloss Restaurant und Clubhaus &#8222;Graf Belderbusch&#8220; in Swisttal-Miel<\/p>\n\n\n\n<p>2003: Herrenhaus der Burg Altendorf<\/p>\n\n\n\n<p>2003\/2004: Volksbank Wachtberg in Wachtberg-Pech<\/p>\n\n\n\n<p>2006: Familie Dr. Ruge Bonn<\/p>\n\n\n\n<p>&nbsp;&nbsp;&nbsp;&nbsp;&nbsp;&nbsp;&nbsp;  Gemeinschaftsausstellung im Atelier Kloster Schweinheim<\/p>\n\n\n\n<p>          Casino der Offiziersheimgesellschaft K\u00f6ln-Wahn<\/p>\n\n\n\n<p>2006\/2007: Praxis Dr. Odenthal in Meckenheim<\/p>\n\n\n\n<p>&nbsp;&nbsp;&nbsp;&nbsp;&nbsp;&nbsp;&nbsp;&nbsp;&nbsp;&nbsp;&nbsp;&nbsp;&nbsp;&nbsp;&nbsp;&nbsp; H\u00f6rger\u00e4teakustik Zbikowski in Meckenheim<\/p>\n\n\n\n<p>2008: Herrenhaus der Burg Altendorf<\/p>\n\n\n\n<p>2010: &#8222;G\u00e4rten&#8220; Gemeinschaftsausstellung der Malgruppen des Ateliers Kloster Schweinheim (Euskirchen)<\/p>\n\n\n\n<p>2010\/2011: Praxis Dr. Illien in Meckenheim<\/p>\n\n\n\n<p>2013: <a href=\"http:\/\/www.meckenheim.de\/cms117\/stadtportrait_touristik\/sehenswuerdigkeiten_besonderheiten\/herrenhaus_burg_altendorf\/index.shtml\" target=\"_blank\" rel=\"noopener noreferrer\">Herrenhaus der Burg Altendorf<\/a><\/p>\n\n\n\n<p>2014: Tee- und Feinkostkontor Rheinbach im Rahmen der Kunstmeile Rheinbach<\/p>\n\n\n\n<p>2014: &#8222;Zeitsprung&#8220; Werkschau des KUNSTFORUM\u00b499 in der Stadthalle Rheinbach<\/p>\n\n\n\n<p>2017: <a href=\"http:\/\/meckenheim.de\/cms117\/aktuelles\/pressemitteilungen\/artikel\/53074\/\">&#8222;Schlussstein&#8220;<\/a> Ausstellung zur Er\u00f6ffnung des neuen Rathauses der Stadt Meckenheim<\/p>\n\n\n\n<p>2018: &#8222;<a href=\"http:\/\/www.broecker-meckenheim.de\/wp-content\/uploads\/2014\/05\/Einladungskarte_Narrenfreiheit.pdf\">Narrenfreiheit<\/a>&#8220; Ausstellung zur 159 Jahrfeier der Stadtsoldaten im Rathaus der Stadt Meckenheim<\/p>\n\n\n\n<p>2018: <a href=\"http:\/\/www.general-anzeiger-bonn.de\/region\/vorgebirge-voreifel\/meckenheim\/Neue-Kunstausstellung-im-Lindenhof-Meckenheim-article3926028.html\">&#8222;Kunst im Lindenhof&#8220;<\/a> Ausstellung zusammen mit der Bildhauerin Martha Barduhn im Lindenhof Meckenheim<br><br>2019: <a href=\"https:\/\/www.kunstforum-99.de\/\">&#8222;Landschaft&#8220;<\/a> Gemeinschaftsausstellung des Kunstforum`99 im Amtsgericht Rheinbach<\/p>\n\n\n\n<p>2019: <a href=\"http:\/\/www.meckenheim.de\/cms117\/kultur_freizeit_sport\/veranstaltungskalender\/artikel\/64118\/\">&#8222;Heimat&#8220;<\/a> Ausstellung im Rathaus der Stadt Meckenheim <\/p>\n\n\n\n<p>2021: &#8222;<a href=\"https:\/\/epages.rundschau-online.de\/data\/143793\/reader\/reader.html?social#!preferred\/0\/package\/143793\/pub\/189479\/page\/38\/alb\/5390526\">NAT\u00dcRlich ! Beethoven<\/a>&#8220; Ausstellung im Rathaus der Stadt Meckenheim<\/p>\n\n\n\n<p>2022: <a href=\"https:\/\/ga.de\/region\/voreifel-und-vorgebirge\/meckenheim\/austellung-auf-burg-altendorf-kunst-zum-klimawandel_aid-67019077\" target=\"_blank\" rel=\"noreferrer noopener\">&#8222;Kunst &#8211; Spiegel der Seele&#8220;<\/a> Ausstellung im Caf\u00e9 des Stadtmuseums Meckenheim (Herrenhaus der Burg Altendorf)<\/p>\n\n\n\n<p>2022: <mark style=\"background-color:rgba(0, 0, 0, 0)\" class=\"has-inline-color has-primary-color\"><a rel=\"noreferrer noopener\" href=\"http:\/\/www.broecker-meckenheim.de\/?page_id=305\" target=\"_blank\">&#8222;Rendezvous&#8220;<\/a><\/mark> Ausstellung im Rathaus der Stadt Meckenheim<\/p>\n\n\n\n<p>2023: <a href=\"http:\/\/www.broecker-meckenheim.de\/?page_id=305\">&#8222;Kraut und R\u00fcben&#8220;<\/a> Ausstellung im Rathaus der Stadt Meckenheim<\/p>\n\n\n\n<p>2024: <a href=\"https:\/\/www.broecker-meckenheim.de\/?page_id=305\" data-type=\"page\" data-id=\"305\">&#8222;Rhythmus&#8220;<\/a> Ausstellung im Rathaus der Stadt Meckenheim<\/p>\n\n\n\n<p>2025:  <a href=\"https:\/\/www.broecker-meckenheim.de\/?page_id=305\" data-type=\"page\" data-id=\"305\">&#8222;Der Zeit ihre Kunst, der Kunst ihre Freiheit&#8220;<\/a> Einzelausstellung im Caf\u00e9 sofa in Meckenheim<\/p>\n\n\n\n<p>2025: <a href=\"https:\/\/www.broecker-meckenheim.de\/?page_id=305\" data-type=\"page\" data-id=\"305\">&#8222;Glanz im Nebel&#8220;<\/a> Ausstellung im Rathaus Meckenheim<\/p>\n\n\n\n<p>(N\u00e4heres zu den Ausstellungen siehe unter <strong><a href=\"http:\/\/www.broecker-meckenheim.de\/?page_id=305\">AKTUELLES<\/a><\/strong>).&nbsp;<\/p>\n\n\n\n<p>Kontakt zur K\u00fcnstlerin siehe <a href=\"http:\/\/www.broecker-meckenheim.de\/?page_id=1091\">hier!<\/a><\/p>\n\n\n\n<p><a href=\"http:\/\/www.broecker-meckenheim.de\/\">Zur\u00fcck zur Startseite<\/a><\/p>\n","protected":false},"excerpt":{"rendered":"<p>Annette Br\u00f6cker In Ochtrup im M\u00fcnsterland wurde ich 1948 geboren. Schon in fr\u00fcher Jugend zeigte sich meine Kreativit\u00e4t in k\u00fcnstlerischen Arbeiten. Besondere Aufmerksamkeit galt meinem Onkel, der als freischaffender K\u00fcnstler in meinem Elternhaus lebte und wirkte. Im Jahre 1982 zog ich mit meiner Familie &#8211; ich bin verheiratet, habe drei erwachsene Kinder sowie acht Enkelkinder &hellip; <\/p>\n<p class=\"link-more\"><a href=\"https:\/\/www.broecker-meckenheim.de\/?page_id=51\" class=\"more-link\"><span class=\"screen-reader-text\">\u201e\u00dcber mich\u201c <\/span>weiterlesen<\/a><\/p>\n","protected":false},"author":2,"featured_media":0,"parent":0,"menu_order":0,"comment_status":"closed","ping_status":"closed","template":"","meta":{"footnotes":""},"class_list":["post-51","page","type-page","status-publish","hentry","entry"],"_links":{"self":[{"href":"https:\/\/www.broecker-meckenheim.de\/index.php?rest_route=\/wp\/v2\/pages\/51","targetHints":{"allow":["GET"]}}],"collection":[{"href":"https:\/\/www.broecker-meckenheim.de\/index.php?rest_route=\/wp\/v2\/pages"}],"about":[{"href":"https:\/\/www.broecker-meckenheim.de\/index.php?rest_route=\/wp\/v2\/types\/page"}],"author":[{"embeddable":true,"href":"https:\/\/www.broecker-meckenheim.de\/index.php?rest_route=\/wp\/v2\/users\/2"}],"replies":[{"embeddable":true,"href":"https:\/\/www.broecker-meckenheim.de\/index.php?rest_route=%2Fwp%2Fv2%2Fcomments&post=51"}],"version-history":[{"count":36,"href":"https:\/\/www.broecker-meckenheim.de\/index.php?rest_route=\/wp\/v2\/pages\/51\/revisions"}],"predecessor-version":[{"id":1905,"href":"https:\/\/www.broecker-meckenheim.de\/index.php?rest_route=\/wp\/v2\/pages\/51\/revisions\/1905"}],"wp:attachment":[{"href":"https:\/\/www.broecker-meckenheim.de\/index.php?rest_route=%2Fwp%2Fv2%2Fmedia&parent=51"}],"curies":[{"name":"wp","href":"https:\/\/api.w.org\/{rel}","templated":true}]}}