{"id":41,"date":"2014-05-24T20:53:51","date_gmt":"2014-05-24T18:53:51","guid":{"rendered":"http:\/\/www.broecker-meckenheim.de\/startseite\/"},"modified":"2025-10-29T15:17:28","modified_gmt":"2025-10-29T14:17:28","slug":"startseite","status":"publish","type":"page","link":"https:\/\/www.broecker-meckenheim.de\/","title":{"rendered":"Startseite"},"content":{"rendered":"<div class=\"wp-block-image\">\n<figure class=\"aligncenter size-full\"><img loading=\"lazy\" decoding=\"async\" width=\"639\" height=\"426\" src=\"https:\/\/www.broecker-meckenheim.de\/wp-content\/uploads\/2024\/09\/Rhythmus-der-Wellen-klein.jpg\" alt=\"\" class=\"wp-image-1779\" srcset=\"https:\/\/www.broecker-meckenheim.de\/wp-content\/uploads\/2024\/09\/Rhythmus-der-Wellen-klein.jpg 639w, https:\/\/www.broecker-meckenheim.de\/wp-content\/uploads\/2024\/09\/Rhythmus-der-Wellen-klein-300x200.jpg 300w\" sizes=\"auto, (max-width: 639px) 100vw, 639px\" \/><\/figure>\n<\/div>\n\n\n<h6 class=\"wp-block-heading has-text-align-center\" id=\"naturgewalt\">Rhythmus der Wellen<\/h6>\n\n\n\n<h4 class=\"wp-block-heading has-text-align-center\" id=\"auf-den-folgenden-seiten-prasentiertihnen-annette-brocker-aus-meckenheim-ausgewahlte-von-ihr-gemalte-bilder\"><span style=\"color: #993300;\">Auf den folgenden Seiten pr\u00e4sentiert<\/span><br><span style=\"color: #993300;\">Ihnen <a href=\"http:\/\/www.broecker-meckenheim.de\/?page_id=51\" target=\"_blank\" rel=\"noreferrer noopener\">Annette Br\u00f6cker<\/a> aus Meckenheim ausgew\u00e4hlte, von ihr gemalte Bilder.<\/span><\/h4>\n\n\n\n<h4 class=\"wp-block-heading has-text-align-center\" id=\"hier-geht-es-los\"><span style=\"color: #993300;\"><span style=\"color: #993300;\"><span style=\"color: #990033;\">&nbsp;<span style=\"text-decoration: underline;\"><em><a href=\"http:\/\/www.broecker-meckenheim.de\/?page_id=98\">H<\/a><\/em><\/span><\/span><\/span><em><span style=\"text-decoration: underline;\"><span style=\"color: #993300; text-decoration: underline;\"><a href=\"http:\/\/www.broecker-meckenheim.de\/?page_id=98\">ier geht es los -&gt;<\/a><\/span><\/span><\/em><\/span><\/h4>\n\n\n\n<h4 class=\"wp-block-heading has-text-align-center has-primary-color has-text-color\" id=\"die-neuesten-bilder-finden-sie-in-der\"><span style=\"color: #993300;\">Die neuesten Bilder finden Sie in der <\/span><\/h4>\n\n\n\n<h4 class=\"wp-block-heading has-text-align-center\" id=\"galerie-16-und-galerie-17\"><span style=\"color: #993300;\"><span style=\"text-decoration: underline;\"><a href=\"http:\/\/www.broecker-meckenheim.de\/?page_id=249\">G<\/a><a href=\"https:\/\/www.broecker-meckenheim.de\/?page_id=1545\" data-type=\"page\" data-id=\"1545\">alerie 18<\/a><\/span><a href=\"http:\/\/www.bgalerie 17\" data-type=\"URL\" data-id=\"http:\/\/www.bgalerie 17\"><span style=\"text-decoration: underline;\"><span style=\"color: #993300; text-decoration: underline;\"><span style=\"color: #993366; text-decoration: underline;\"><\/span><\/span><\/span><\/a><span style=\"text-decoration: underline;\"><span style=\"color: #993366; text-decoration: underline;\"><\/span><\/span><strong><em> <\/em><\/strong>und <\/span><a href=\"https:\/\/www.broecker-meckenheim.de\/?page_id=1883\" data-type=\"page\" data-id=\"1883\">Galerie 19<\/a><\/h4>\n\n\n\n<h4 class=\"wp-block-heading has-text-align-center\" id=\"naheres-zu-der-aktuellen-ausstellung-kunst-spiegel-der-seele-sowie-auch-zu-anderen-ausstellungen\"> <span style=\"color: #993300;\">N\u00e4heres zu meinen Ausstellungen<\/span><\/h4>\n\n\n\n<h4 class=\"wp-block-heading has-text-align-center\" id=\"finden-sie-hier\"><span style=\"color: #993300;\">finden Sie <a href=\"http:\/\/www.broecker-meckenheim.de\/?page_id=305\">hier!<\/a><\/span><\/h4>\n\n\n\n<h4 class=\"wp-block-heading has-text-align-center\" id=\"interesse-bitte-melden-sie-sich-unter-kontakt\"><span style=\"color: #336633;\"><span style=\"color: #990033;\">Interesse? Bitte melden Sie sich unter: <a href=\"http:\/\/www.broecker-meckenheim.de\/?page_id=1091\">Kontakt<\/a><span style=\"color: #993300;\"><br><\/span><\/span><\/span><\/h4>\n\n\n\n<p class=\"has-text-align-center\"><span style=\"color: #990033;\"><strong><em>PS: Schauen Sie immer mal wieder herein, die Bildergalerie wird st\u00e4ndig erweitert!<\/em><\/strong><\/span><\/p>\n\n\n\n<h5 class=\"wp-block-heading\">&nbsp;<\/h5>\n","protected":false},"excerpt":{"rendered":"<p>Rhythmus der Wellen Auf den folgenden Seiten pr\u00e4sentiertIhnen Annette Br\u00f6cker aus Meckenheim ausgew\u00e4hlte, von ihr gemalte Bilder. &nbsp;Hier geht es los -&gt; Die neuesten Bilder finden Sie in der Galerie 18 und Galerie 19 N\u00e4heres zu meinen Ausstellungen finden Sie hier! Interesse? Bitte melden Sie sich unter: Kontakt PS: Schauen Sie immer mal wieder herein, &hellip; <\/p>\n<p class=\"link-more\"><a href=\"https:\/\/www.broecker-meckenheim.de\/\" class=\"more-link\"><span class=\"screen-reader-text\">\u201eStartseite\u201c <\/span>weiterlesen<\/a><\/p>\n","protected":false},"author":2,"featured_media":0,"parent":0,"menu_order":1,"comment_status":"closed","ping_status":"closed","template":"","meta":{"footnotes":""},"class_list":["post-41","page","type-page","status-publish","hentry","entry"],"_links":{"self":[{"href":"https:\/\/www.broecker-meckenheim.de\/index.php?rest_route=\/wp\/v2\/pages\/41","targetHints":{"allow":["GET"]}}],"collection":[{"href":"https:\/\/www.broecker-meckenheim.de\/index.php?rest_route=\/wp\/v2\/pages"}],"about":[{"href":"https:\/\/www.broecker-meckenheim.de\/index.php?rest_route=\/wp\/v2\/types\/page"}],"author":[{"embeddable":true,"href":"https:\/\/www.broecker-meckenheim.de\/index.php?rest_route=\/wp\/v2\/users\/2"}],"replies":[{"embeddable":true,"href":"https:\/\/www.broecker-meckenheim.de\/index.php?rest_route=%2Fwp%2Fv2%2Fcomments&post=41"}],"version-history":[{"count":50,"href":"https:\/\/www.broecker-meckenheim.de\/index.php?rest_route=\/wp\/v2\/pages\/41\/revisions"}],"predecessor-version":[{"id":1903,"href":"https:\/\/www.broecker-meckenheim.de\/index.php?rest_route=\/wp\/v2\/pages\/41\/revisions\/1903"}],"wp:attachment":[{"href":"https:\/\/www.broecker-meckenheim.de\/index.php?rest_route=%2Fwp%2Fv2%2Fmedia&parent=41"}],"curies":[{"name":"wp","href":"https:\/\/api.w.org\/{rel}","templated":true}]}}